{"id":7,"date":"2020-01-24T09:15:18","date_gmt":"2020-01-24T09:15:18","guid":{"rendered":"http:\/\/bosscad.de\/?page_id=7"},"modified":"2025-01-09T05:17:41","modified_gmt":"2025-01-09T05:17:41","slug":"home","status":"publish","type":"page","link":"https:\/\/bosscad.de\/","title":{"rendered":"Home"},"content":{"rendered":"\t\t<div data-elementor-type=\"wp-page\" data-elementor-id=\"7\" class=\"elementor elementor-7\">\n\t\t\t\t\t\t<section class=\"elementor-section elementor-top-section elementor-element elementor-element-44c3535 elementor-section-boxed elementor-section-height-default elementor-section-height-default\" data-id=\"44c3535\" data-element_type=\"section\">\n\t\t\t\t\t\t<div class=\"elementor-container elementor-column-gap-default\">\n\t\t\t\t\t<div class=\"elementor-column elementor-col-100 elementor-top-column elementor-element elementor-element-1ce901f\" data-id=\"1ce901f\" data-element_type=\"column\">\n\t\t\t<div class=\"elementor-widget-wrap elementor-element-populated\">\n\t\t\t\t\t\t<div class=\"elementor-element elementor-element-20d58cf elementor-widget elementor-widget-text-editor\" data-id=\"20d58cf\" data-element_type=\"widget\" data-widget_type=\"text-editor.default\">\n\t\t\t\t<div class=\"elementor-widget-container\">\n\t\t\t\t\t\t\t\t\t<p><strong><span style=\"text-decoration: underline;\">Bo\u00dfmann Konstruktion GmbH&nbsp;&nbsp; * Mit unserer Erfahrung zu Ihrem Erfolg *<\/span><br><\/strong><\/p>\n<h6><em>Seit 1995:&nbsp; Ihr 3D-CAD-Dienstleister &#8211; ohne Mensch keine Maschine.<\/em><\/h6>\n<p>Wir sind ! seit 30 Jahren im Saarland ! zuverl\u00e4ssiger Partner f\u00fcr konstruktive L\u00f6sungen.<\/p>\n<p>Wir gestalten Konstruktionen vom Entwurf bis zur Fertigstellung in enger Zusammenarbeit mit unserem Kunden.<\/p>\n<p>Wir setzen kreative Ideen unserer Kunden erfolgreich um, bringen eigene Ideen mit in die Konstruktion ein, designen Bew\u00e4hrtes wirtschaftlicher und sorgen f\u00fcr eine nachhaltige Minimierung der Herstellungs- und Montagekosten.<\/p>\n<p>Dank der besonderen Einsatzbereitschaft und der au\u00dfergew\u00f6hnlich guten Teamarbeit unserer Mitarbeiter, erreichen wir eine hohe Flexibilit\u00e4t. Unsere langj\u00e4hrigen Konstruktionserfahrungen versetzen uns in die Lage, anspruchsvolle und knifflige Aufgaben schnell und effizient zu l\u00f6sen.<\/p>\n<p>Desweiteren besitzen wir die unbefristete Genehmigung zur Arbeitnehmer\u00fcberlassung und k\u00f6nnen deshalb auch bei Bedarf in der Systemumgebung des Kunden Vor-Ort agieren.<\/p>\n<p>3D-Design in Verbindung mit der M\u00f6glichkeit der Arbeitnehmer\u00fcberlassung bietet zus\u00e4tzliche Flexibilit\u00e4t.<\/p>\n<p>Zus\u00e4tzlich visualisieren und animieren wir 3D-Modelle, um Funktionen visuell im Ablauf darzustellen, ebenso k\u00f6nnen wir Ihre Produkte photorealistisch designen.<\/p>\t\t\t\t\t\t\t\t<\/div>\n\t\t\t\t<\/div>\n\t\t\t\t\t<\/div>\n\t\t<\/div>\n\t\t\t\t\t<\/div>\n\t\t<\/section>\n\t\t\t\t<\/div>\n\t\t","protected":false},"excerpt":{"rendered":"<p>Bo\u00dfmann Konstruktion GmbH&nbsp;&nbsp; * Mit unserer Erfahrung zu Ihrem Erfolg * Seit 1995:&nbsp; Ihr 3D-CAD-Dienstleister &#8211; ohne Mensch keine Maschine. Wir sind ! seit 30 Jahren im Saarland ! zuverl\u00e4ssiger Partner f\u00fcr konstruktive L\u00f6sungen. Wir gestalten Konstruktionen vom Entwurf bis<\/p>\n","protected":false},"author":1,"featured_media":0,"parent":0,"menu_order":0,"comment_status":"closed","ping_status":"closed","template":"","meta":{"footnotes":""},"class_list":["post-7","page","type-page","status-publish","hentry"],"yoast_head":"<!-- This site is optimized with the Yoast SEO plugin v25.5 - https:\/\/yoast.com\/wordpress\/plugins\/seo\/ -->\n<title>Home - Bo\u00dfmann Konstruktion GmbH<\/title>\n<meta name=\"description\" content=\"Mit unserer Erfahrung zu Ihrem Erfolg. Ihr 3D-CAD-Dienstleister \u2013 ohne Mensch keine Maschine.Wir sind ! seit 25 Jahren im Saarland ! zuverl\u00e4ssiger Partner f\u00fcr konstruktive L\u00f6sungen.\" \/>\n<meta name=\"robots\" content=\"index, follow, max-snippet:-1, max-image-preview:large, max-video-preview:-1\" \/>\n<link rel=\"canonical\" href=\"https:\/\/bosscad.de\/\" \/>\n<meta name=\"twitter:label1\" content=\"Gesch\u00e4tzte Lesezeit\" \/>\n\t<meta name=\"twitter:data1\" content=\"1\u00a0Minute\" \/>\n<script type=\"application\/ld+json\" class=\"yoast-schema-graph\">{\"@context\":\"https:\/\/schema.org\",\"@graph\":[{\"@type\":\"WebPage\",\"@id\":\"https:\/\/bosscad.de\/\",\"url\":\"https:\/\/bosscad.de\/\",\"name\":\"Home - Bo\u00dfmann Konstruktion GmbH\",\"isPartOf\":{\"@id\":\"https:\/\/bosscad.de\/#website\"},\"datePublished\":\"2020-01-24T09:15:18+00:00\",\"dateModified\":\"2025-01-09T05:17:41+00:00\",\"description\":\"Mit unserer Erfahrung zu Ihrem Erfolg. Ihr 3D-CAD-Dienstleister \u2013 ohne Mensch keine Maschine.Wir sind ! seit 25 Jahren im Saarland ! zuverl\u00e4ssiger Partner f\u00fcr konstruktive L\u00f6sungen.\",\"breadcrumb\":{\"@id\":\"https:\/\/bosscad.de\/#breadcrumb\"},\"inLanguage\":\"de\",\"potentialAction\":[{\"@type\":\"ReadAction\",\"target\":[\"https:\/\/bosscad.de\/\"]}]},{\"@type\":\"BreadcrumbList\",\"@id\":\"https:\/\/bosscad.de\/#breadcrumb\",\"itemListElement\":[{\"@type\":\"ListItem\",\"position\":1,\"name\":\"Startseite\",\"item\":\"https:\/\/bosscad.de\/\"},{\"@type\":\"ListItem\",\"position\":2,\"name\":\"Home\"}]},{\"@type\":\"WebSite\",\"@id\":\"https:\/\/bosscad.de\/#website\",\"url\":\"https:\/\/bosscad.de\/\",\"name\":\"Bo\u00dfmann Konstruktion GmbH\",\"description\":\"3D CAD-Konstruktion\",\"publisher\":{\"@id\":\"https:\/\/bosscad.de\/#organization\"},\"potentialAction\":[{\"@type\":\"SearchAction\",\"target\":{\"@type\":\"EntryPoint\",\"urlTemplate\":\"https:\/\/bosscad.de\/?s={search_term_string}\"},\"query-input\":{\"@type\":\"PropertyValueSpecification\",\"valueRequired\":true,\"valueName\":\"search_term_string\"}}],\"inLanguage\":\"de\"},{\"@type\":\"Organization\",\"@id\":\"https:\/\/bosscad.de\/#organization\",\"name\":\"Bo\u00dfmann Konstruktion GmbH\",\"url\":\"https:\/\/bosscad.de\/\",\"logo\":{\"@type\":\"ImageObject\",\"inLanguage\":\"de\",\"@id\":\"https:\/\/bosscad.de\/#\/schema\/logo\/image\/\",\"url\":\"https:\/\/bosscad.de\/wp-content\/uploads\/2020\/01\/BKS-Logo-1.png\",\"contentUrl\":\"https:\/\/bosscad.de\/wp-content\/uploads\/2020\/01\/BKS-Logo-1.png\",\"width\":200,\"height\":143,\"caption\":\"Bo\u00dfmann Konstruktion GmbH\"},\"image\":{\"@id\":\"https:\/\/bosscad.de\/#\/schema\/logo\/image\/\"}}]}<\/script>\n<!-- \/ Yoast SEO plugin. -->","yoast_head_json":{"title":"Home - Bo\u00dfmann Konstruktion GmbH","description":"Mit unserer Erfahrung zu Ihrem Erfolg. Ihr 3D-CAD-Dienstleister \u2013 ohne Mensch keine Maschine.Wir sind ! seit 25 Jahren im Saarland ! zuverl\u00e4ssiger Partner f\u00fcr konstruktive L\u00f6sungen.","robots":{"index":"index","follow":"follow","max-snippet":"max-snippet:-1","max-image-preview":"max-image-preview:large","max-video-preview":"max-video-preview:-1"},"canonical":"https:\/\/bosscad.de\/","twitter_misc":{"Gesch\u00e4tzte Lesezeit":"1\u00a0Minute"},"schema":{"@context":"https:\/\/schema.org","@graph":[{"@type":"WebPage","@id":"https:\/\/bosscad.de\/","url":"https:\/\/bosscad.de\/","name":"Home - Bo\u00dfmann Konstruktion GmbH","isPartOf":{"@id":"https:\/\/bosscad.de\/#website"},"datePublished":"2020-01-24T09:15:18+00:00","dateModified":"2025-01-09T05:17:41+00:00","description":"Mit unserer Erfahrung zu Ihrem Erfolg. Ihr 3D-CAD-Dienstleister \u2013 ohne Mensch keine Maschine.Wir sind ! seit 25 Jahren im Saarland ! zuverl\u00e4ssiger Partner f\u00fcr konstruktive L\u00f6sungen.","breadcrumb":{"@id":"https:\/\/bosscad.de\/#breadcrumb"},"inLanguage":"de","potentialAction":[{"@type":"ReadAction","target":["https:\/\/bosscad.de\/"]}]},{"@type":"BreadcrumbList","@id":"https:\/\/bosscad.de\/#breadcrumb","itemListElement":[{"@type":"ListItem","position":1,"name":"Startseite","item":"https:\/\/bosscad.de\/"},{"@type":"ListItem","position":2,"name":"Home"}]},{"@type":"WebSite","@id":"https:\/\/bosscad.de\/#website","url":"https:\/\/bosscad.de\/","name":"Bo\u00dfmann Konstruktion GmbH","description":"3D CAD-Konstruktion","publisher":{"@id":"https:\/\/bosscad.de\/#organization"},"potentialAction":[{"@type":"SearchAction","target":{"@type":"EntryPoint","urlTemplate":"https:\/\/bosscad.de\/?s={search_term_string}"},"query-input":{"@type":"PropertyValueSpecification","valueRequired":true,"valueName":"search_term_string"}}],"inLanguage":"de"},{"@type":"Organization","@id":"https:\/\/bosscad.de\/#organization","name":"Bo\u00dfmann Konstruktion GmbH","url":"https:\/\/bosscad.de\/","logo":{"@type":"ImageObject","inLanguage":"de","@id":"https:\/\/bosscad.de\/#\/schema\/logo\/image\/","url":"https:\/\/bosscad.de\/wp-content\/uploads\/2020\/01\/BKS-Logo-1.png","contentUrl":"https:\/\/bosscad.de\/wp-content\/uploads\/2020\/01\/BKS-Logo-1.png","width":200,"height":143,"caption":"Bo\u00dfmann Konstruktion GmbH"},"image":{"@id":"https:\/\/bosscad.de\/#\/schema\/logo\/image\/"}}]}},"_links":{"self":[{"href":"https:\/\/bosscad.de\/index.php?rest_route=\/wp\/v2\/pages\/7","targetHints":{"allow":["GET"]}}],"collection":[{"href":"https:\/\/bosscad.de\/index.php?rest_route=\/wp\/v2\/pages"}],"about":[{"href":"https:\/\/bosscad.de\/index.php?rest_route=\/wp\/v2\/types\/page"}],"author":[{"embeddable":true,"href":"https:\/\/bosscad.de\/index.php?rest_route=\/wp\/v2\/users\/1"}],"replies":[{"embeddable":true,"href":"https:\/\/bosscad.de\/index.php?rest_route=%2Fwp%2Fv2%2Fcomments&post=7"}],"version-history":[{"count":27,"href":"https:\/\/bosscad.de\/index.php?rest_route=\/wp\/v2\/pages\/7\/revisions"}],"predecessor-version":[{"id":186,"href":"https:\/\/bosscad.de\/index.php?rest_route=\/wp\/v2\/pages\/7\/revisions\/186"}],"wp:attachment":[{"href":"https:\/\/bosscad.de\/index.php?rest_route=%2Fwp%2Fv2%2Fmedia&parent=7"}],"curies":[{"name":"wp","href":"https:\/\/api.w.org\/{rel}","templated":true}]}}