{"id":57,"date":"2020-01-24T10:39:08","date_gmt":"2020-01-24T10:39:08","guid":{"rendered":"http:\/\/bosscad.de\/?page_id=57"},"modified":"2022-10-06T13:08:46","modified_gmt":"2022-10-06T13:08:46","slug":"referenzen","status":"publish","type":"page","link":"https:\/\/bosscad.de\/?page_id=57","title":{"rendered":"Referenzen"},"content":{"rendered":"\t\t<div data-elementor-type=\"wp-page\" data-elementor-id=\"57\" class=\"elementor elementor-57\">\n\t\t\t\t\t\t<section class=\"elementor-section elementor-top-section elementor-element elementor-element-ca2d9d3 elementor-section-boxed elementor-section-height-default elementor-section-height-default\" data-id=\"ca2d9d3\" data-element_type=\"section\">\n\t\t\t\t\t\t<div class=\"elementor-container elementor-column-gap-default\">\n\t\t\t\t\t<div class=\"elementor-column elementor-col-50 elementor-top-column elementor-element elementor-element-f926224\" data-id=\"f926224\" data-element_type=\"column\">\n\t\t\t<div class=\"elementor-widget-wrap elementor-element-populated\">\n\t\t\t\t\t\t<div class=\"elementor-element elementor-element-ec32a81 elementor-widget elementor-widget-text-editor\" data-id=\"ec32a81\" data-element_type=\"widget\" data-widget_type=\"text-editor.default\">\n\t\t\t\t<div class=\"elementor-widget-container\">\n\t\t\t\t\t\t\t\t\t<h6>Maschinenbau<\/h6><ul><li>allgemeiner Maschinenbau<\/li><li>Sondermaschinenbau<\/li><\/ul>\t\t\t\t\t\t\t\t<\/div>\n\t\t\t\t<\/div>\n\t\t\t\t\t<\/div>\n\t\t<\/div>\n\t\t\t\t<div class=\"elementor-column elementor-col-50 elementor-top-column elementor-element elementor-element-7253108\" data-id=\"7253108\" data-element_type=\"column\">\n\t\t\t<div class=\"elementor-widget-wrap elementor-element-populated\">\n\t\t\t\t\t\t<div class=\"elementor-element elementor-element-0552891 elementor-widget elementor-widget-image\" data-id=\"0552891\" data-element_type=\"widget\" data-widget_type=\"image.default\">\n\t\t\t\t<div class=\"elementor-widget-container\">\n\t\t\t\t\t\t\t\t\t\t\t\t\t\t\t<img fetchpriority=\"high\" decoding=\"async\" width=\"720\" height=\"500\" src=\"https:\/\/bosscad.de\/wp-content\/uploads\/2020\/01\/Sint_001-1-1024x711.jpg\" class=\"attachment-large size-large wp-image-24\" alt=\"\" srcset=\"https:\/\/bosscad.de\/wp-content\/uploads\/2020\/01\/Sint_001-1-1024x711.jpg 1024w, https:\/\/bosscad.de\/wp-content\/uploads\/2020\/01\/Sint_001-1-300x208.jpg 300w, https:\/\/bosscad.de\/wp-content\/uploads\/2020\/01\/Sint_001-1-768x533.jpg 768w, https:\/\/bosscad.de\/wp-content\/uploads\/2020\/01\/Sint_001-1.jpg 1156w\" sizes=\"(max-width: 720px) 100vw, 720px\" \/>\t\t\t\t\t\t\t\t\t\t\t\t\t\t\t<\/div>\n\t\t\t\t<\/div>\n\t\t\t\t\t<\/div>\n\t\t<\/div>\n\t\t\t\t\t<\/div>\n\t\t<\/section>\n\t\t\t\t<section class=\"elementor-section elementor-top-section elementor-element elementor-element-5db8d4c elementor-section-boxed elementor-section-height-default elementor-section-height-default\" data-id=\"5db8d4c\" data-element_type=\"section\">\n\t\t\t\t\t\t<div class=\"elementor-container elementor-column-gap-default\">\n\t\t\t\t\t<div class=\"elementor-column elementor-col-50 elementor-top-column elementor-element elementor-element-957d8c4\" data-id=\"957d8c4\" data-element_type=\"column\">\n\t\t\t<div class=\"elementor-widget-wrap elementor-element-populated\">\n\t\t\t\t\t\t<div class=\"elementor-element elementor-element-357a8f3 elementor-widget elementor-widget-text-editor\" data-id=\"357a8f3\" data-element_type=\"widget\" data-widget_type=\"text-editor.default\">\n\t\t\t\t<div class=\"elementor-widget-container\">\n\t\t\t\t\t\t\t\t\t<h6>Automobilindustrie:<\/h6><ul><li>F\u00fcgestationen<\/li><li>Schraubstationen<\/li><li>F\u00f6rdertechnik<\/li><li>Handlingger\u00e4te<\/li><li>Pr\u00fcfst\u00e4nde<\/li><li>Karossen\u00fcbergabestationen\u00a0\u00a0\u00a0\u00a0\u00a0\u00a0\u00a0<\/li><\/ul>\t\t\t\t\t\t\t\t<\/div>\n\t\t\t\t<\/div>\n\t\t\t\t\t<\/div>\n\t\t<\/div>\n\t\t\t\t<div class=\"elementor-column elementor-col-50 elementor-top-column elementor-element elementor-element-6a6cdd4\" data-id=\"6a6cdd4\" data-element_type=\"column\">\n\t\t\t<div class=\"elementor-widget-wrap elementor-element-populated\">\n\t\t\t\t\t\t<div class=\"elementor-element elementor-element-c57d6b4 elementor-widget elementor-widget-image\" data-id=\"c57d6b4\" data-element_type=\"widget\" data-widget_type=\"image.default\">\n\t\t\t\t<div class=\"elementor-widget-container\">\n\t\t\t\t\t\t\t\t\t\t\t\t\t\t\t<img decoding=\"async\" width=\"720\" height=\"480\" src=\"https:\/\/bosscad.de\/wp-content\/uploads\/2020\/01\/Station-6-komplett_logo_2-3-1-1024x683.jpg\" class=\"attachment-large size-large wp-image-25\" alt=\"\" srcset=\"https:\/\/bosscad.de\/wp-content\/uploads\/2020\/01\/Station-6-komplett_logo_2-3-1-1024x683.jpg 1024w, https:\/\/bosscad.de\/wp-content\/uploads\/2020\/01\/Station-6-komplett_logo_2-3-1-300x200.jpg 300w, https:\/\/bosscad.de\/wp-content\/uploads\/2020\/01\/Station-6-komplett_logo_2-3-1-768x512.jpg 768w\" sizes=\"(max-width: 720px) 100vw, 720px\" \/>\t\t\t\t\t\t\t\t\t\t\t\t\t\t\t<\/div>\n\t\t\t\t<\/div>\n\t\t\t\t\t<\/div>\n\t\t<\/div>\n\t\t\t\t\t<\/div>\n\t\t<\/section>\n\t\t\t\t<section class=\"elementor-section elementor-top-section elementor-element elementor-element-100c240 elementor-section-boxed elementor-section-height-default elementor-section-height-default\" data-id=\"100c240\" data-element_type=\"section\">\n\t\t\t\t\t\t<div class=\"elementor-container elementor-column-gap-default\">\n\t\t\t\t\t<div class=\"elementor-column elementor-col-50 elementor-top-column elementor-element elementor-element-2d8f99a\" data-id=\"2d8f99a\" data-element_type=\"column\">\n\t\t\t<div class=\"elementor-widget-wrap elementor-element-populated\">\n\t\t\t\t\t\t<div class=\"elementor-element elementor-element-bcb3d54 elementor-widget elementor-widget-text-editor\" data-id=\"bcb3d54\" data-element_type=\"widget\" data-widget_type=\"text-editor.default\">\n\t\t\t\t<div class=\"elementor-widget-container\">\n\t\t\t\t\t\t\t\t\t<h6>Betriebsmittelkonstruktion:<\/h6><ul><li>Manuelle Arbeitspl\u00e4tze<\/li><li>Teilautomatisierung<\/li><li>Vollautomatisierung<\/li><li>Rundtakttische<\/li><li>Pr\u00fcfanlagen<\/li><\/ul>\t\t\t\t\t\t\t\t<\/div>\n\t\t\t\t<\/div>\n\t\t\t\t\t<\/div>\n\t\t<\/div>\n\t\t\t\t<div class=\"elementor-column elementor-col-50 elementor-top-column elementor-element elementor-element-974a015\" data-id=\"974a015\" data-element_type=\"column\">\n\t\t\t<div class=\"elementor-widget-wrap elementor-element-populated\">\n\t\t\t\t\t\t<div class=\"elementor-element elementor-element-f03f1f8 elementor-widget elementor-widget-image\" data-id=\"f03f1f8\" data-element_type=\"widget\" data-widget_type=\"image.default\">\n\t\t\t\t<div class=\"elementor-widget-container\">\n\t\t\t\t\t\t\t\t\t\t\t\t\t\t\t<img decoding=\"async\" width=\"720\" height=\"631\" src=\"https:\/\/bosscad.de\/wp-content\/uploads\/2020\/01\/Montageautomat-1-1024x897.jpg\" class=\"attachment-large size-large wp-image-59\" alt=\"\" srcset=\"https:\/\/bosscad.de\/wp-content\/uploads\/2020\/01\/Montageautomat-1-1024x897.jpg 1024w, https:\/\/bosscad.de\/wp-content\/uploads\/2020\/01\/Montageautomat-1-300x263.jpg 300w, https:\/\/bosscad.de\/wp-content\/uploads\/2020\/01\/Montageautomat-1-768x673.jpg 768w\" sizes=\"(max-width: 720px) 100vw, 720px\" \/>\t\t\t\t\t\t\t\t\t\t\t\t\t\t\t<\/div>\n\t\t\t\t<\/div>\n\t\t\t\t\t<\/div>\n\t\t<\/div>\n\t\t\t\t\t<\/div>\n\t\t<\/section>\n\t\t\t\t<section class=\"elementor-section elementor-top-section elementor-element elementor-element-98fefc4 elementor-section-boxed elementor-section-height-default elementor-section-height-default\" data-id=\"98fefc4\" data-element_type=\"section\">\n\t\t\t\t\t\t<div class=\"elementor-container elementor-column-gap-default\">\n\t\t\t\t\t<div class=\"elementor-column elementor-col-50 elementor-top-column elementor-element elementor-element-eb3f85c\" data-id=\"eb3f85c\" data-element_type=\"column\">\n\t\t\t<div class=\"elementor-widget-wrap elementor-element-populated\">\n\t\t\t\t\t\t<div class=\"elementor-element elementor-element-b648b27 elementor-widget elementor-widget-text-editor\" data-id=\"b648b27\" data-element_type=\"widget\" data-widget_type=\"text-editor.default\">\n\t\t\t\t<div class=\"elementor-widget-container\">\n\t\t\t\t\t\t\t\t\t<h6>Stahlbau:<\/h6><ul><li>B\u00fchnen<\/li><li>Treppen<\/li><li>Schwei\u00dfkonstruktionen<\/li><\/ul>\t\t\t\t\t\t\t\t<\/div>\n\t\t\t\t<\/div>\n\t\t\t\t\t<\/div>\n\t\t<\/div>\n\t\t\t\t<div class=\"elementor-column elementor-col-50 elementor-top-column elementor-element elementor-element-8e6463f\" data-id=\"8e6463f\" data-element_type=\"column\">\n\t\t\t<div class=\"elementor-widget-wrap elementor-element-populated\">\n\t\t\t\t\t\t<div class=\"elementor-element elementor-element-265a2ac elementor-widget elementor-widget-image\" data-id=\"265a2ac\" data-element_type=\"widget\" data-widget_type=\"image.default\">\n\t\t\t\t<div class=\"elementor-widget-container\">\n\t\t\t\t\t\t\t\t\t\t\t\t\t\t\t<img loading=\"lazy\" decoding=\"async\" width=\"720\" height=\"761\" src=\"https:\/\/bosscad.de\/wp-content\/uploads\/2020\/01\/2006-04-04_PHOTO-04.jpg\" class=\"attachment-large size-large wp-image-60\" alt=\"\" srcset=\"https:\/\/bosscad.de\/wp-content\/uploads\/2020\/01\/2006-04-04_PHOTO-04.jpg 766w, https:\/\/bosscad.de\/wp-content\/uploads\/2020\/01\/2006-04-04_PHOTO-04-284x300.jpg 284w\" sizes=\"(max-width: 720px) 100vw, 720px\" \/>\t\t\t\t\t\t\t\t\t\t\t\t\t\t\t<\/div>\n\t\t\t\t<\/div>\n\t\t\t\t\t<\/div>\n\t\t<\/div>\n\t\t\t\t\t<\/div>\n\t\t<\/section>\n\t\t\t\t<section class=\"elementor-section elementor-top-section elementor-element elementor-element-32003eb elementor-section-boxed elementor-section-height-default elementor-section-height-default\" data-id=\"32003eb\" data-element_type=\"section\">\n\t\t\t\t\t\t<div class=\"elementor-container elementor-column-gap-default\">\n\t\t\t\t\t<div class=\"elementor-column elementor-col-50 elementor-top-column elementor-element elementor-element-03de7c0\" data-id=\"03de7c0\" data-element_type=\"column\">\n\t\t\t<div class=\"elementor-widget-wrap elementor-element-populated\">\n\t\t\t\t\t\t<div class=\"elementor-element elementor-element-c84a098 elementor-widget elementor-widget-text-editor\" data-id=\"c84a098\" data-element_type=\"widget\" data-widget_type=\"text-editor.default\">\n\t\t\t\t<div class=\"elementor-widget-container\">\n\t\t\t\t\t\t\t\t\t<h6>Motorsport:<\/h6><ul><li>Windkan\u00e4le<\/li><\/ul>\t\t\t\t\t\t\t\t<\/div>\n\t\t\t\t<\/div>\n\t\t\t\t\t<\/div>\n\t\t<\/div>\n\t\t\t\t<div class=\"elementor-column elementor-col-50 elementor-top-column elementor-element elementor-element-34b1e80\" data-id=\"34b1e80\" data-element_type=\"column\">\n\t\t\t<div class=\"elementor-widget-wrap elementor-element-populated\">\n\t\t\t\t\t\t<div class=\"elementor-element elementor-element-9131e14 elementor-widget elementor-widget-image\" data-id=\"9131e14\" data-element_type=\"widget\" data-widget_type=\"image.default\">\n\t\t\t\t<div class=\"elementor-widget-container\">\n\t\t\t\t\t\t\t\t\t\t\t\t\t\t\t<img loading=\"lazy\" decoding=\"async\" width=\"720\" height=\"499\" src=\"https:\/\/bosscad.de\/wp-content\/uploads\/2020\/01\/Bild6-1024x709.jpg\" class=\"attachment-large size-large wp-image-61\" alt=\"\" srcset=\"https:\/\/bosscad.de\/wp-content\/uploads\/2020\/01\/Bild6-1024x709.jpg 1024w, https:\/\/bosscad.de\/wp-content\/uploads\/2020\/01\/Bild6-300x208.jpg 300w, https:\/\/bosscad.de\/wp-content\/uploads\/2020\/01\/Bild6-768x532.jpg 768w, https:\/\/bosscad.de\/wp-content\/uploads\/2020\/01\/Bild6.jpg 1032w\" sizes=\"(max-width: 720px) 100vw, 720px\" \/>\t\t\t\t\t\t\t\t\t\t\t\t\t\t\t<\/div>\n\t\t\t\t<\/div>\n\t\t\t\t\t<\/div>\n\t\t<\/div>\n\t\t\t\t\t<\/div>\n\t\t<\/section>\n\t\t\t\t<section class=\"elementor-section elementor-top-section elementor-element elementor-element-fe68ed8 elementor-section-boxed elementor-section-height-default elementor-section-height-default\" data-id=\"fe68ed8\" data-element_type=\"section\">\n\t\t\t\t\t\t<div class=\"elementor-container elementor-column-gap-default\">\n\t\t\t\t\t<div class=\"elementor-column elementor-col-50 elementor-top-column elementor-element elementor-element-6d78435\" data-id=\"6d78435\" data-element_type=\"column\">\n\t\t\t<div class=\"elementor-widget-wrap elementor-element-populated\">\n\t\t\t\t\t\t<div class=\"elementor-element elementor-element-370ab09 elementor-widget elementor-widget-text-editor\" data-id=\"370ab09\" data-element_type=\"widget\" data-widget_type=\"text-editor.default\">\n\t\t\t\t<div class=\"elementor-widget-container\">\n\t\t\t\t\t\t\t\t\t<h6>Krananlagen:<\/h6><ul><li>Hallenkr\u00e4ne<\/li><li>Br\u00fcckenkr\u00e4ne<\/li><\/ul>\t\t\t\t\t\t\t\t<\/div>\n\t\t\t\t<\/div>\n\t\t\t\t\t<\/div>\n\t\t<\/div>\n\t\t\t\t<div class=\"elementor-column elementor-col-50 elementor-top-column elementor-element elementor-element-db1b7c9\" data-id=\"db1b7c9\" data-element_type=\"column\">\n\t\t\t<div class=\"elementor-widget-wrap elementor-element-populated\">\n\t\t\t\t\t\t<div class=\"elementor-element elementor-element-0a85857 elementor-widget elementor-widget-image\" data-id=\"0a85857\" data-element_type=\"widget\" data-widget_type=\"image.default\">\n\t\t\t\t<div class=\"elementor-widget-container\">\n\t\t\t\t\t\t\t\t\t\t\t\t\t\t\t<img loading=\"lazy\" decoding=\"async\" width=\"720\" height=\"523\" src=\"https:\/\/bosscad.de\/wp-content\/uploads\/2020\/01\/317_ZUS-Portalkran_2-1024x744.jpg\" class=\"attachment-large size-large wp-image-62\" alt=\"\" srcset=\"https:\/\/bosscad.de\/wp-content\/uploads\/2020\/01\/317_ZUS-Portalkran_2-1024x744.jpg 1024w, https:\/\/bosscad.de\/wp-content\/uploads\/2020\/01\/317_ZUS-Portalkran_2-300x218.jpg 300w, https:\/\/bosscad.de\/wp-content\/uploads\/2020\/01\/317_ZUS-Portalkran_2-768x558.jpg 768w\" sizes=\"(max-width: 720px) 100vw, 720px\" \/>\t\t\t\t\t\t\t\t\t\t\t\t\t\t\t<\/div>\n\t\t\t\t<\/div>\n\t\t\t\t\t<\/div>\n\t\t<\/div>\n\t\t\t\t\t<\/div>\n\t\t<\/section>\n\t\t\t\t<\/div>\n\t\t","protected":false},"excerpt":{"rendered":"<p>Maschinenbau allgemeiner Maschinenbau Sondermaschinenbau Automobilindustrie: F\u00fcgestationen Schraubstationen F\u00f6rdertechnik Handlingger\u00e4te Pr\u00fcfst\u00e4nde Karossen\u00fcbergabestationen&nbsp;&nbsp;&nbsp;&nbsp;&nbsp;&nbsp;&nbsp; Betriebsmittelkonstruktion: Manuelle Arbeitspl\u00e4tze Teilautomatisierung Vollautomatisierung Rundtakttische Pr\u00fcfanlagen Stahlbau: B\u00fchnen Treppen Schwei\u00dfkonstruktionen Motorsport: Windkan\u00e4le Krananlagen: Hallenkr\u00e4ne Br\u00fcckenkr\u00e4ne<\/p>\n","protected":false},"author":1,"featured_media":0,"parent":0,"menu_order":0,"comment_status":"closed","ping_status":"closed","template":"","meta":{"footnotes":""},"class_list":["post-57","page","type-page","status-publish","hentry"],"yoast_head":"<!-- This site is optimized with the Yoast SEO plugin v25.5 - https:\/\/yoast.com\/wordpress\/plugins\/seo\/ -->\n<title>Referenzen - Bo\u00dfmann Konstruktion GmbH<\/title>\n<meta name=\"description\" content=\"Mit unserer Erfahrung zu Ihrem Erfolg. Ihr 3D-CAD-Dienstleister \u2013 ohne Mensch keine Maschine.Wir sind ! seit 25 Jahren im Saarland ! zuverl\u00e4ssiger Partner f\u00fcr konstruktive L\u00f6sungen.\" \/>\n<meta name=\"robots\" content=\"index, follow, max-snippet:-1, max-image-preview:large, max-video-preview:-1\" \/>\n<link rel=\"canonical\" href=\"https:\/\/bosscad.de\/?page_id=57\" \/>\n<meta name=\"twitter:label1\" content=\"Gesch\u00e4tzte Lesezeit\" \/>\n\t<meta name=\"twitter:data1\" content=\"2\u00a0Minuten\" \/>\n<script type=\"application\/ld+json\" class=\"yoast-schema-graph\">{\"@context\":\"https:\/\/schema.org\",\"@graph\":[{\"@type\":\"WebPage\",\"@id\":\"https:\/\/bosscad.de\/?page_id=57\",\"url\":\"https:\/\/bosscad.de\/?page_id=57\",\"name\":\"Referenzen - Bo\u00dfmann Konstruktion GmbH\",\"isPartOf\":{\"@id\":\"https:\/\/bosscad.de\/#website\"},\"primaryImageOfPage\":{\"@id\":\"https:\/\/bosscad.de\/?page_id=57#primaryimage\"},\"image\":{\"@id\":\"https:\/\/bosscad.de\/?page_id=57#primaryimage\"},\"thumbnailUrl\":\"http:\/\/bosscad.de\/wp-content\/uploads\/2020\/01\/Sint_001-1-1024x711.jpg\",\"datePublished\":\"2020-01-24T10:39:08+00:00\",\"dateModified\":\"2022-10-06T13:08:46+00:00\",\"description\":\"Mit unserer Erfahrung zu Ihrem Erfolg. Ihr 3D-CAD-Dienstleister \u2013 ohne Mensch keine Maschine.Wir sind ! seit 25 Jahren im Saarland ! zuverl\u00e4ssiger Partner f\u00fcr konstruktive L\u00f6sungen.\",\"breadcrumb\":{\"@id\":\"https:\/\/bosscad.de\/?page_id=57#breadcrumb\"},\"inLanguage\":\"de\",\"potentialAction\":[{\"@type\":\"ReadAction\",\"target\":[\"https:\/\/bosscad.de\/?page_id=57\"]}]},{\"@type\":\"ImageObject\",\"inLanguage\":\"de\",\"@id\":\"https:\/\/bosscad.de\/?page_id=57#primaryimage\",\"url\":\"http:\/\/bosscad.de\/wp-content\/uploads\/2020\/01\/Sint_001-1-1024x711.jpg\",\"contentUrl\":\"http:\/\/bosscad.de\/wp-content\/uploads\/2020\/01\/Sint_001-1-1024x711.jpg\"},{\"@type\":\"BreadcrumbList\",\"@id\":\"https:\/\/bosscad.de\/?page_id=57#breadcrumb\",\"itemListElement\":[{\"@type\":\"ListItem\",\"position\":1,\"name\":\"Startseite\",\"item\":\"https:\/\/bosscad.de\/\"},{\"@type\":\"ListItem\",\"position\":2,\"name\":\"Referenzen\"}]},{\"@type\":\"WebSite\",\"@id\":\"https:\/\/bosscad.de\/#website\",\"url\":\"https:\/\/bosscad.de\/\",\"name\":\"Bo\u00dfmann Konstruktion GmbH\",\"description\":\"3D CAD-Konstruktion\",\"publisher\":{\"@id\":\"https:\/\/bosscad.de\/#organization\"},\"potentialAction\":[{\"@type\":\"SearchAction\",\"target\":{\"@type\":\"EntryPoint\",\"urlTemplate\":\"https:\/\/bosscad.de\/?s={search_term_string}\"},\"query-input\":{\"@type\":\"PropertyValueSpecification\",\"valueRequired\":true,\"valueName\":\"search_term_string\"}}],\"inLanguage\":\"de\"},{\"@type\":\"Organization\",\"@id\":\"https:\/\/bosscad.de\/#organization\",\"name\":\"Bo\u00dfmann Konstruktion GmbH\",\"url\":\"https:\/\/bosscad.de\/\",\"logo\":{\"@type\":\"ImageObject\",\"inLanguage\":\"de\",\"@id\":\"https:\/\/bosscad.de\/#\/schema\/logo\/image\/\",\"url\":\"https:\/\/bosscad.de\/wp-content\/uploads\/2020\/01\/BKS-Logo-1.png\",\"contentUrl\":\"https:\/\/bosscad.de\/wp-content\/uploads\/2020\/01\/BKS-Logo-1.png\",\"width\":200,\"height\":143,\"caption\":\"Bo\u00dfmann Konstruktion GmbH\"},\"image\":{\"@id\":\"https:\/\/bosscad.de\/#\/schema\/logo\/image\/\"}}]}<\/script>\n<!-- \/ Yoast SEO plugin. -->","yoast_head_json":{"title":"Referenzen - Bo\u00dfmann Konstruktion GmbH","description":"Mit unserer Erfahrung zu Ihrem Erfolg. Ihr 3D-CAD-Dienstleister \u2013 ohne Mensch keine Maschine.Wir sind ! seit 25 Jahren im Saarland ! zuverl\u00e4ssiger Partner f\u00fcr konstruktive L\u00f6sungen.","robots":{"index":"index","follow":"follow","max-snippet":"max-snippet:-1","max-image-preview":"max-image-preview:large","max-video-preview":"max-video-preview:-1"},"canonical":"https:\/\/bosscad.de\/?page_id=57","twitter_misc":{"Gesch\u00e4tzte Lesezeit":"2\u00a0Minuten"},"schema":{"@context":"https:\/\/schema.org","@graph":[{"@type":"WebPage","@id":"https:\/\/bosscad.de\/?page_id=57","url":"https:\/\/bosscad.de\/?page_id=57","name":"Referenzen - Bo\u00dfmann Konstruktion GmbH","isPartOf":{"@id":"https:\/\/bosscad.de\/#website"},"primaryImageOfPage":{"@id":"https:\/\/bosscad.de\/?page_id=57#primaryimage"},"image":{"@id":"https:\/\/bosscad.de\/?page_id=57#primaryimage"},"thumbnailUrl":"http:\/\/bosscad.de\/wp-content\/uploads\/2020\/01\/Sint_001-1-1024x711.jpg","datePublished":"2020-01-24T10:39:08+00:00","dateModified":"2022-10-06T13:08:46+00:00","description":"Mit unserer Erfahrung zu Ihrem Erfolg. Ihr 3D-CAD-Dienstleister \u2013 ohne Mensch keine Maschine.Wir sind ! seit 25 Jahren im Saarland ! zuverl\u00e4ssiger Partner f\u00fcr konstruktive L\u00f6sungen.","breadcrumb":{"@id":"https:\/\/bosscad.de\/?page_id=57#breadcrumb"},"inLanguage":"de","potentialAction":[{"@type":"ReadAction","target":["https:\/\/bosscad.de\/?page_id=57"]}]},{"@type":"ImageObject","inLanguage":"de","@id":"https:\/\/bosscad.de\/?page_id=57#primaryimage","url":"http:\/\/bosscad.de\/wp-content\/uploads\/2020\/01\/Sint_001-1-1024x711.jpg","contentUrl":"http:\/\/bosscad.de\/wp-content\/uploads\/2020\/01\/Sint_001-1-1024x711.jpg"},{"@type":"BreadcrumbList","@id":"https:\/\/bosscad.de\/?page_id=57#breadcrumb","itemListElement":[{"@type":"ListItem","position":1,"name":"Startseite","item":"https:\/\/bosscad.de\/"},{"@type":"ListItem","position":2,"name":"Referenzen"}]},{"@type":"WebSite","@id":"https:\/\/bosscad.de\/#website","url":"https:\/\/bosscad.de\/","name":"Bo\u00dfmann Konstruktion GmbH","description":"3D CAD-Konstruktion","publisher":{"@id":"https:\/\/bosscad.de\/#organization"},"potentialAction":[{"@type":"SearchAction","target":{"@type":"EntryPoint","urlTemplate":"https:\/\/bosscad.de\/?s={search_term_string}"},"query-input":{"@type":"PropertyValueSpecification","valueRequired":true,"valueName":"search_term_string"}}],"inLanguage":"de"},{"@type":"Organization","@id":"https:\/\/bosscad.de\/#organization","name":"Bo\u00dfmann Konstruktion GmbH","url":"https:\/\/bosscad.de\/","logo":{"@type":"ImageObject","inLanguage":"de","@id":"https:\/\/bosscad.de\/#\/schema\/logo\/image\/","url":"https:\/\/bosscad.de\/wp-content\/uploads\/2020\/01\/BKS-Logo-1.png","contentUrl":"https:\/\/bosscad.de\/wp-content\/uploads\/2020\/01\/BKS-Logo-1.png","width":200,"height":143,"caption":"Bo\u00dfmann Konstruktion GmbH"},"image":{"@id":"https:\/\/bosscad.de\/#\/schema\/logo\/image\/"}}]}},"_links":{"self":[{"href":"https:\/\/bosscad.de\/index.php?rest_route=\/wp\/v2\/pages\/57","targetHints":{"allow":["GET"]}}],"collection":[{"href":"https:\/\/bosscad.de\/index.php?rest_route=\/wp\/v2\/pages"}],"about":[{"href":"https:\/\/bosscad.de\/index.php?rest_route=\/wp\/v2\/types\/page"}],"author":[{"embeddable":true,"href":"https:\/\/bosscad.de\/index.php?rest_route=\/wp\/v2\/users\/1"}],"replies":[{"embeddable":true,"href":"https:\/\/bosscad.de\/index.php?rest_route=%2Fwp%2Fv2%2Fcomments&post=57"}],"version-history":[{"count":5,"href":"https:\/\/bosscad.de\/index.php?rest_route=\/wp\/v2\/pages\/57\/revisions"}],"predecessor-version":[{"id":167,"href":"https:\/\/bosscad.de\/index.php?rest_route=\/wp\/v2\/pages\/57\/revisions\/167"}],"wp:attachment":[{"href":"https:\/\/bosscad.de\/index.php?rest_route=%2Fwp%2Fv2%2Fmedia&parent=57"}],"curies":[{"name":"wp","href":"https:\/\/api.w.org\/{rel}","templated":true}]}}