{"id":124,"date":"2021-01-22T13:23:21","date_gmt":"2021-01-22T13:23:21","guid":{"rendered":"http:\/\/bosscad.de\/?page_id=124"},"modified":"2022-10-06T13:07:59","modified_gmt":"2022-10-06T13:07:59","slug":"agb","status":"publish","type":"page","link":"https:\/\/bosscad.de\/?page_id=124","title":{"rendered":"AGB"},"content":{"rendered":"\t\t<div data-elementor-type=\"wp-page\" data-elementor-id=\"124\" class=\"elementor elementor-124\">\n\t\t\t\t\t\t<section class=\"elementor-section elementor-top-section elementor-element elementor-element-746a0069 elementor-section-boxed elementor-section-height-default elementor-section-height-default\" data-id=\"746a0069\" data-element_type=\"section\">\n\t\t\t\t\t\t<div class=\"elementor-container elementor-column-gap-default\">\n\t\t\t\t\t<div class=\"elementor-column elementor-col-100 elementor-top-column elementor-element elementor-element-61e54893\" data-id=\"61e54893\" data-element_type=\"column\">\n\t\t\t<div class=\"elementor-widget-wrap elementor-element-populated\">\n\t\t\t\t\t\t<div class=\"elementor-element elementor-element-5f71f211 elementor-widget elementor-widget-text-editor\" data-id=\"5f71f211\" data-element_type=\"widget\" data-widget_type=\"text-editor.default\">\n\t\t\t\t<div class=\"elementor-widget-container\">\n\t\t\t\t\t\t\t\t\t\n<div class=\"wp-block-file\"><a href=\"https:\/\/bosscad.de\/wp-content\/uploads\/2021\/01\/Allgemeine-Geschaeftsbedingungen_BOSSCAD-1.pdf\"><strong>Allgemeine Gesch\u00e4ftsbedingungen<\/strong><\/a><a class=\"wp-block-file__button\" href=\"https:\/\/bosscad.de\/wp-content\/uploads\/2021\/01\/Allgemeine-Geschaeftsbedingungen_BOSSCAD-1.pdf\" download=\"\">Herunterladen<\/a><\/div>\n\n<p>\u00a0<\/p>\n<p>\u00a0<\/p>\n<p>\u00a0<\/p>\n<p>\u00a0<\/p>\n<p>\u00a0<\/p>\n<p>\u00a0<\/p>\n<p>\u00a0<\/p>\n<p>\u00a0<\/p>\n<p>\u00a0<\/p>\n<p>\u00a0<\/p>\n<p>\u00a0<\/p>\n<p>\u00a0<\/p>\n<p>\u00a0<\/p>\n<p>\u00a0<\/p>\n<p>\u00a0<\/p>\n\t\t\t\t\t\t\t\t<\/div>\n\t\t\t\t<\/div>\n\t\t\t\t\t<\/div>\n\t\t<\/div>\n\t\t\t\t\t<\/div>\n\t\t<\/section>\n\t\t\t\t<section class=\"elementor-section elementor-top-section elementor-element elementor-element-2cf377e elementor-section-boxed elementor-section-height-default elementor-section-height-default\" data-id=\"2cf377e\" data-element_type=\"section\">\n\t\t\t\t\t\t<div class=\"elementor-container elementor-column-gap-default\">\n\t\t\t\t\t<div class=\"elementor-column elementor-col-100 elementor-top-column elementor-element elementor-element-4bb37f1\" data-id=\"4bb37f1\" data-element_type=\"column\">\n\t\t\t<div class=\"elementor-widget-wrap elementor-element-populated\">\n\t\t\t\t\t\t<div class=\"elementor-element elementor-element-166ebae elementor-widget elementor-widget-button\" data-id=\"166ebae\" data-element_type=\"widget\" data-widget_type=\"button.default\">\n\t\t\t\t<div class=\"elementor-widget-container\">\n\t\t\t\t\t\t\t\t\t<div class=\"elementor-button-wrapper\">\n\t\t\t\t\t<a class=\"elementor-button elementor-button-link elementor-size-sm\" href=\"https:\/\/bosscad.de\/wp-content\/uploads\/2021\/01\/Allgemeine-Geschaeftsbedingungen_BOSSCAD-2.pdf\">\n\t\t\t\t\t\t<span class=\"elementor-button-content-wrapper\">\n\t\t\t\t\t\t<span class=\"elementor-button-icon\">\n\t\t\t\t<i aria-hidden=\"true\" class=\"fas fa-download\"><\/i>\t\t\t<\/span>\n\t\t\t\t\t\t\t\t\t<span class=\"elementor-button-text\">Download AGB<\/span>\n\t\t\t\t\t<\/span>\n\t\t\t\t\t<\/a>\n\t\t\t\t<\/div>\n\t\t\t\t\t\t\t\t<\/div>\n\t\t\t\t<\/div>\n\t\t\t\t\t<\/div>\n\t\t<\/div>\n\t\t\t\t\t<\/div>\n\t\t<\/section>\n\t\t\t\t<\/div>\n\t\t","protected":false},"excerpt":{"rendered":"<p>&nbsp; &nbsp; &nbsp; &nbsp; &nbsp; &nbsp; &nbsp; &nbsp; &nbsp; &nbsp; &nbsp; &nbsp; &nbsp; &nbsp; &nbsp; Download AGB<\/p>\n","protected":false},"author":1,"featured_media":0,"parent":0,"menu_order":0,"comment_status":"closed","ping_status":"closed","template":"","meta":{"footnotes":""},"class_list":["post-124","page","type-page","status-publish","hentry"],"yoast_head":"<!-- This site is optimized with the Yoast SEO plugin v25.5 - https:\/\/yoast.com\/wordpress\/plugins\/seo\/ -->\n<title>AGB - Bo\u00dfmann Konstruktion GmbH<\/title>\n<meta name=\"description\" content=\"Mit unserer Erfahrung zu Ihrem Erfolg. Ihr 3D-CAD-Dienstleister \u2013 ohne Mensch keine Maschine.Wir sind ! seit 25 Jahren im Saarland ! zuverl\u00e4ssiger Partner f\u00fcr konstruktive L\u00f6sungen.\" \/>\n<meta name=\"robots\" content=\"index, follow, max-snippet:-1, max-image-preview:large, max-video-preview:-1\" \/>\n<link rel=\"canonical\" href=\"https:\/\/bosscad.de\/?page_id=124\" \/>\n<meta name=\"twitter:label1\" content=\"Gesch\u00e4tzte Lesezeit\" \/>\n\t<meta name=\"twitter:data1\" content=\"1\u00a0Minute\" \/>\n<script type=\"application\/ld+json\" class=\"yoast-schema-graph\">{\"@context\":\"https:\/\/schema.org\",\"@graph\":[{\"@type\":\"WebPage\",\"@id\":\"https:\/\/bosscad.de\/?page_id=124\",\"url\":\"https:\/\/bosscad.de\/?page_id=124\",\"name\":\"AGB - Bo\u00dfmann Konstruktion GmbH\",\"isPartOf\":{\"@id\":\"https:\/\/bosscad.de\/#website\"},\"datePublished\":\"2021-01-22T13:23:21+00:00\",\"dateModified\":\"2022-10-06T13:07:59+00:00\",\"description\":\"Mit unserer Erfahrung zu Ihrem Erfolg. Ihr 3D-CAD-Dienstleister \u2013 ohne Mensch keine Maschine.Wir sind ! seit 25 Jahren im Saarland ! zuverl\u00e4ssiger Partner f\u00fcr konstruktive L\u00f6sungen.\",\"breadcrumb\":{\"@id\":\"https:\/\/bosscad.de\/?page_id=124#breadcrumb\"},\"inLanguage\":\"de\",\"potentialAction\":[{\"@type\":\"ReadAction\",\"target\":[\"https:\/\/bosscad.de\/?page_id=124\"]}]},{\"@type\":\"BreadcrumbList\",\"@id\":\"https:\/\/bosscad.de\/?page_id=124#breadcrumb\",\"itemListElement\":[{\"@type\":\"ListItem\",\"position\":1,\"name\":\"Startseite\",\"item\":\"https:\/\/bosscad.de\/\"},{\"@type\":\"ListItem\",\"position\":2,\"name\":\"AGB\"}]},{\"@type\":\"WebSite\",\"@id\":\"https:\/\/bosscad.de\/#website\",\"url\":\"https:\/\/bosscad.de\/\",\"name\":\"Bo\u00dfmann Konstruktion GmbH\",\"description\":\"3D CAD-Konstruktion\",\"publisher\":{\"@id\":\"https:\/\/bosscad.de\/#organization\"},\"potentialAction\":[{\"@type\":\"SearchAction\",\"target\":{\"@type\":\"EntryPoint\",\"urlTemplate\":\"https:\/\/bosscad.de\/?s={search_term_string}\"},\"query-input\":{\"@type\":\"PropertyValueSpecification\",\"valueRequired\":true,\"valueName\":\"search_term_string\"}}],\"inLanguage\":\"de\"},{\"@type\":\"Organization\",\"@id\":\"https:\/\/bosscad.de\/#organization\",\"name\":\"Bo\u00dfmann Konstruktion GmbH\",\"url\":\"https:\/\/bosscad.de\/\",\"logo\":{\"@type\":\"ImageObject\",\"inLanguage\":\"de\",\"@id\":\"https:\/\/bosscad.de\/#\/schema\/logo\/image\/\",\"url\":\"https:\/\/bosscad.de\/wp-content\/uploads\/2020\/01\/BKS-Logo-1.png\",\"contentUrl\":\"https:\/\/bosscad.de\/wp-content\/uploads\/2020\/01\/BKS-Logo-1.png\",\"width\":200,\"height\":143,\"caption\":\"Bo\u00dfmann Konstruktion GmbH\"},\"image\":{\"@id\":\"https:\/\/bosscad.de\/#\/schema\/logo\/image\/\"}}]}<\/script>\n<!-- \/ Yoast SEO plugin. -->","yoast_head_json":{"title":"AGB - Bo\u00dfmann Konstruktion GmbH","description":"Mit unserer Erfahrung zu Ihrem Erfolg. Ihr 3D-CAD-Dienstleister \u2013 ohne Mensch keine Maschine.Wir sind ! seit 25 Jahren im Saarland ! zuverl\u00e4ssiger Partner f\u00fcr konstruktive L\u00f6sungen.","robots":{"index":"index","follow":"follow","max-snippet":"max-snippet:-1","max-image-preview":"max-image-preview:large","max-video-preview":"max-video-preview:-1"},"canonical":"https:\/\/bosscad.de\/?page_id=124","twitter_misc":{"Gesch\u00e4tzte Lesezeit":"1\u00a0Minute"},"schema":{"@context":"https:\/\/schema.org","@graph":[{"@type":"WebPage","@id":"https:\/\/bosscad.de\/?page_id=124","url":"https:\/\/bosscad.de\/?page_id=124","name":"AGB - Bo\u00dfmann Konstruktion GmbH","isPartOf":{"@id":"https:\/\/bosscad.de\/#website"},"datePublished":"2021-01-22T13:23:21+00:00","dateModified":"2022-10-06T13:07:59+00:00","description":"Mit unserer Erfahrung zu Ihrem Erfolg. Ihr 3D-CAD-Dienstleister \u2013 ohne Mensch keine Maschine.Wir sind ! seit 25 Jahren im Saarland ! zuverl\u00e4ssiger Partner f\u00fcr konstruktive L\u00f6sungen.","breadcrumb":{"@id":"https:\/\/bosscad.de\/?page_id=124#breadcrumb"},"inLanguage":"de","potentialAction":[{"@type":"ReadAction","target":["https:\/\/bosscad.de\/?page_id=124"]}]},{"@type":"BreadcrumbList","@id":"https:\/\/bosscad.de\/?page_id=124#breadcrumb","itemListElement":[{"@type":"ListItem","position":1,"name":"Startseite","item":"https:\/\/bosscad.de\/"},{"@type":"ListItem","position":2,"name":"AGB"}]},{"@type":"WebSite","@id":"https:\/\/bosscad.de\/#website","url":"https:\/\/bosscad.de\/","name":"Bo\u00dfmann Konstruktion GmbH","description":"3D CAD-Konstruktion","publisher":{"@id":"https:\/\/bosscad.de\/#organization"},"potentialAction":[{"@type":"SearchAction","target":{"@type":"EntryPoint","urlTemplate":"https:\/\/bosscad.de\/?s={search_term_string}"},"query-input":{"@type":"PropertyValueSpecification","valueRequired":true,"valueName":"search_term_string"}}],"inLanguage":"de"},{"@type":"Organization","@id":"https:\/\/bosscad.de\/#organization","name":"Bo\u00dfmann Konstruktion GmbH","url":"https:\/\/bosscad.de\/","logo":{"@type":"ImageObject","inLanguage":"de","@id":"https:\/\/bosscad.de\/#\/schema\/logo\/image\/","url":"https:\/\/bosscad.de\/wp-content\/uploads\/2020\/01\/BKS-Logo-1.png","contentUrl":"https:\/\/bosscad.de\/wp-content\/uploads\/2020\/01\/BKS-Logo-1.png","width":200,"height":143,"caption":"Bo\u00dfmann Konstruktion GmbH"},"image":{"@id":"https:\/\/bosscad.de\/#\/schema\/logo\/image\/"}}]}},"_links":{"self":[{"href":"https:\/\/bosscad.de\/index.php?rest_route=\/wp\/v2\/pages\/124","targetHints":{"allow":["GET"]}}],"collection":[{"href":"https:\/\/bosscad.de\/index.php?rest_route=\/wp\/v2\/pages"}],"about":[{"href":"https:\/\/bosscad.de\/index.php?rest_route=\/wp\/v2\/types\/page"}],"author":[{"embeddable":true,"href":"https:\/\/bosscad.de\/index.php?rest_route=\/wp\/v2\/users\/1"}],"replies":[{"embeddable":true,"href":"https:\/\/bosscad.de\/index.php?rest_route=%2Fwp%2Fv2%2Fcomments&post=124"}],"version-history":[{"count":14,"href":"https:\/\/bosscad.de\/index.php?rest_route=\/wp\/v2\/pages\/124\/revisions"}],"predecessor-version":[{"id":162,"href":"https:\/\/bosscad.de\/index.php?rest_route=\/wp\/v2\/pages\/124\/revisions\/162"}],"wp:attachment":[{"href":"https:\/\/bosscad.de\/index.php?rest_route=%2Fwp%2Fv2%2Fmedia&parent=124"}],"curies":[{"name":"wp","href":"https:\/\/api.w.org\/{rel}","templated":true}]}}